{"id":62377,"date":"2023-08-21T07:31:32","date_gmt":"2023-08-21T07:31:32","guid":{"rendered":"https:\/\/configuratore.cantierirenier.com\/?post_type=product&#038;p=62377"},"modified":"2023-10-16T14:41:17","modified_gmt":"2023-10-16T14:41:17","slug":"r9-fb","status":"publish","type":"product","link":"https:\/\/configuratore.cantierirenier.com\/tr\/urun\/r9-fb\/","title":{"rendered":"BEN\u0130M R9 FB"},"content":{"rendered":"<p>R9'u hayal ederken, kendimize ikonik tarz\u0131, daha b\u00fcy\u00fck gemilere \u00f6zg\u00fc ola\u011fan\u00fcst\u00fc ara\u00e7 i\u00e7i konforu ve benzersiz alan b\u00f6l\u00fcmlendirmesini tek bir gemide birle\u015ftirebilme hedefini koyduk.<br \/>\nLe due vasche estraibili pensate per essere utilizzate come suaglass o come cestino per i rifiuti, il grande tendalino telescopico a scomparsa e i dieci differenti gavoni per organizzare al meglio le attrezzature di bordo.<\/p>","protected":false},"excerpt":{"rendered":"<p>R9'u hayal ederken, kendimize ikonik tarz\u0131, daha b\u00fcy\u00fck gemilere \u00f6zg\u00fc ola\u011fan\u00fcst\u00fc ara\u00e7 i\u00e7i konforu ve benzersiz alan b\u00f6l\u00fcmlendirmesini tek bir gemide birle\u015ftirebilme hedefini koyduk.<\/p>","protected":false},"featured_media":65288,"template":"","meta":{"_acf_changed":false},"product_cat":[237],"product_tag":[],"class_list":{"0":"post-62377","1":"product","2":"type-product","3":"status-publish","4":"has-post-thumbnail","6":"product_cat-senza-categoria","8":"first","9":"instock","10":"shipping-taxable","11":"purchasable","12":"product-type-simple"},"acf":[],"_links":{"self":[{"href":"https:\/\/configuratore.cantierirenier.com\/tr\/wp-json\/wp\/v2\/product\/62377"}],"collection":[{"href":"https:\/\/configuratore.cantierirenier.com\/tr\/wp-json\/wp\/v2\/product"}],"about":[{"href":"https:\/\/configuratore.cantierirenier.com\/tr\/wp-json\/wp\/v2\/types\/product"}],"wp:featuredmedia":[{"embeddable":true,"href":"https:\/\/configuratore.cantierirenier.com\/tr\/wp-json\/wp\/v2\/media\/65288"}],"wp:attachment":[{"href":"https:\/\/configuratore.cantierirenier.com\/tr\/wp-json\/wp\/v2\/media?parent=62377"}],"wp:term":[{"taxonomy":"product_cat","embeddable":true,"href":"https:\/\/configuratore.cantierirenier.com\/tr\/wp-json\/wp\/v2\/product_cat?post=62377"},{"taxonomy":"product_tag","embeddable":true,"href":"https:\/\/configuratore.cantierirenier.com\/tr\/wp-json\/wp\/v2\/product_tag?post=62377"}],"curies":[{"name":"wp","href":"https:\/\/api.w.org\/{rel}","templated":true}]}}