{"id":56624,"date":"2023-04-01T13:07:07","date_gmt":"2023-04-01T13:07:07","guid":{"rendered":"https:\/\/configuratore.cantierirenier.com\/?post_type=product&#038;p=56624"},"modified":"2023-10-16T11:53:41","modified_gmt":"2023-10-16T11:53:41","slug":"r12-efb-bowrider","status":"publish","type":"product","link":"https:\/\/configuratore.cantierirenier.com\/tr\/urun\/r12-efb-bowrider\/","title":{"rendered":"R12 EFB BOWRIDER'IM"},"content":{"rendered":"<p>Lorem Ipsum, bask\u0131 ve dizgi end\u00fcstrisinin kukla metnidir. Lorem Ipsum, 1500'l\u00fc y\u0131llardan beri end\u00fcstrinin standart sahte metni olmu\u015ftur.<\/p>","protected":false},"excerpt":{"rendered":"<p>Lorem Ipsum, bask\u0131 ve dizgi end\u00fcstrisinin kukla metnidir. Lorem Ipsum, 1500'l\u00fc y\u0131llardan beri end\u00fcstrinin standart sahte metni olmu\u015ftur.<\/p>","protected":false},"featured_media":64191,"template":"","meta":{"_acf_changed":false},"product_cat":[237],"product_tag":[],"class_list":{"0":"post-56624","1":"product","2":"type-product","3":"status-publish","4":"has-post-thumbnail","6":"product_cat-senza-categoria","8":"first","9":"instock","10":"shipping-taxable","11":"purchasable","12":"product-type-simple"},"acf":[],"_links":{"self":[{"href":"https:\/\/configuratore.cantierirenier.com\/tr\/wp-json\/wp\/v2\/product\/56624"}],"collection":[{"href":"https:\/\/configuratore.cantierirenier.com\/tr\/wp-json\/wp\/v2\/product"}],"about":[{"href":"https:\/\/configuratore.cantierirenier.com\/tr\/wp-json\/wp\/v2\/types\/product"}],"wp:featuredmedia":[{"embeddable":true,"href":"https:\/\/configuratore.cantierirenier.com\/tr\/wp-json\/wp\/v2\/media\/64191"}],"wp:attachment":[{"href":"https:\/\/configuratore.cantierirenier.com\/tr\/wp-json\/wp\/v2\/media?parent=56624"}],"wp:term":[{"taxonomy":"product_cat","embeddable":true,"href":"https:\/\/configuratore.cantierirenier.com\/tr\/wp-json\/wp\/v2\/product_cat?post=56624"},{"taxonomy":"product_tag","embeddable":true,"href":"https:\/\/configuratore.cantierirenier.com\/tr\/wp-json\/wp\/v2\/product_tag?post=56624"}],"curies":[{"name":"wp","href":"https:\/\/api.w.org\/{rel}","templated":true}]}}