{"id":62377,"date":"2023-08-21T07:31:32","date_gmt":"2023-08-21T07:31:32","guid":{"rendered":"https:\/\/configuratore.cantierirenier.com\/?post_type=product&#038;p=62377"},"modified":"2023-10-16T14:41:17","modified_gmt":"2023-10-16T14:41:17","slug":"r9-fb","status":"publish","type":"product","link":"https:\/\/configuratore.cantierirenier.com\/fr\/produit\/r9-fb\/","title":{"rendered":"MON R9 FB"},"content":{"rendered":"<p>En imaginant le R9, nous nous sommes fix\u00e9 comme objectif de pouvoir fusionner en un seul navire un style iconique, un confort \u00e0 bord extraordinaire typique des grands navires et une compartimentation de l'espace in\u00e9gal\u00e9e.<br \/>\nLes deux bacs extractibles con\u00e7us pour servir de sucette ou de poubelle, le grand auvent t\u00e9lescopique r\u00e9tractable et les dix casiers diff\u00e9rents pour l'organisation du mat\u00e9riel de bord.<\/p>","protected":false},"excerpt":{"rendered":"<p>En imaginant le R9, nous nous sommes fix\u00e9 comme objectif de pouvoir fusionner en un seul navire un style iconique, un confort \u00e0 bord extraordinaire typique des grands navires et une compartimentation de l'espace in\u00e9gal\u00e9e.<\/p>","protected":false},"featured_media":65288,"template":"","meta":{"_acf_changed":false},"product_cat":[237],"product_tag":[],"class_list":{"0":"post-62377","1":"product","2":"type-product","3":"status-publish","4":"has-post-thumbnail","6":"product_cat-senza-categoria","8":"first","9":"instock","10":"shipping-taxable","11":"purchasable","12":"product-type-simple"},"acf":[],"_links":{"self":[{"href":"https:\/\/configuratore.cantierirenier.com\/fr\/wp-json\/wp\/v2\/product\/62377"}],"collection":[{"href":"https:\/\/configuratore.cantierirenier.com\/fr\/wp-json\/wp\/v2\/product"}],"about":[{"href":"https:\/\/configuratore.cantierirenier.com\/fr\/wp-json\/wp\/v2\/types\/product"}],"wp:featuredmedia":[{"embeddable":true,"href":"https:\/\/configuratore.cantierirenier.com\/fr\/wp-json\/wp\/v2\/media\/65288"}],"wp:attachment":[{"href":"https:\/\/configuratore.cantierirenier.com\/fr\/wp-json\/wp\/v2\/media?parent=62377"}],"wp:term":[{"taxonomy":"product_cat","embeddable":true,"href":"https:\/\/configuratore.cantierirenier.com\/fr\/wp-json\/wp\/v2\/product_cat?post=62377"},{"taxonomy":"product_tag","embeddable":true,"href":"https:\/\/configuratore.cantierirenier.com\/fr\/wp-json\/wp\/v2\/product_tag?post=62377"}],"curies":[{"name":"wp","href":"https:\/\/api.w.org\/{rel}","templated":true}]}}