{"id":61529,"date":"2023-06-05T07:03:55","date_gmt":"2023-06-05T07:03:55","guid":{"rendered":"https:\/\/configuratore.cantierirenier.com\/?post_type=product&#038;p=61529"},"modified":"2023-10-16T11:40:52","modified_gmt":"2023-10-16T11:40:52","slug":"r11-efb-2","status":"publish","type":"product","link":"https:\/\/configuratore.cantierirenier.com\/fr\/produit\/r11-efb-2\/","title":{"rendered":"MY R11 EFB"},"content":{"rendered":"<p>Lorem Ipsum est tout simplement le texte factice de l'industrie de l'imprimerie et de la composition. Le Lorem Ipsum est le texte factice standard de l'industrie depuis les ann\u00e9es 1500, lorsqu'un imprimeur inconnu a pris une gal\u00e8re de caract\u00e8res et a brouill\u00e9 le texte.<\/p>","protected":false},"excerpt":{"rendered":"<p>Lorem Ipsum est tout simplement le texte factice de l'industrie de l'imprimerie et de la composition. Le Lorem Ipsum est le texte factice standard de l'industrie depuis les ann\u00e9es 1500, lorsqu'un imprimeur inconnu a pris une gal\u00e8re de caract\u00e8res et a brouill\u00e9 le texte.<\/p>","protected":false},"featured_media":64188,"template":"","meta":{"_acf_changed":false},"product_cat":[237],"product_tag":[],"class_list":{"0":"post-61529","1":"product","2":"type-product","3":"status-publish","4":"has-post-thumbnail","6":"product_cat-senza-categoria","8":"first","9":"instock","10":"shipping-taxable","11":"purchasable","12":"product-type-simple"},"acf":[],"_links":{"self":[{"href":"https:\/\/configuratore.cantierirenier.com\/fr\/wp-json\/wp\/v2\/product\/61529"}],"collection":[{"href":"https:\/\/configuratore.cantierirenier.com\/fr\/wp-json\/wp\/v2\/product"}],"about":[{"href":"https:\/\/configuratore.cantierirenier.com\/fr\/wp-json\/wp\/v2\/types\/product"}],"wp:featuredmedia":[{"embeddable":true,"href":"https:\/\/configuratore.cantierirenier.com\/fr\/wp-json\/wp\/v2\/media\/64188"}],"wp:attachment":[{"href":"https:\/\/configuratore.cantierirenier.com\/fr\/wp-json\/wp\/v2\/media?parent=61529"}],"wp:term":[{"taxonomy":"product_cat","embeddable":true,"href":"https:\/\/configuratore.cantierirenier.com\/fr\/wp-json\/wp\/v2\/product_cat?post=61529"},{"taxonomy":"product_tag","embeddable":true,"href":"https:\/\/configuratore.cantierirenier.com\/fr\/wp-json\/wp\/v2\/product_tag?post=61529"}],"curies":[{"name":"wp","href":"https:\/\/api.w.org\/{rel}","templated":true}]}}