{"id":69272,"date":"2024-09-17T23:33:19","date_gmt":"2024-09-17T21:33:19","guid":{"rendered":"https:\/\/configuratore.cantierirenier.com\/?post_type=product&#038;p=69272"},"modified":"2024-09-19T09:31:36","modified_gmt":"2024-09-19T07:31:36","slug":"r10-efb-2","status":"publish","type":"product","link":"https:\/\/configuratore.cantierirenier.com\/es\/producto\/r10-efb-2\/","title":{"rendered":"MI R10 EFB"},"content":{"rendered":"<p>Al imaginar el R9, nos fijamos el objetivo de poder fusionar en una sola embarcaci\u00f3n el estilo ic\u00f3nico, el extraordinario confort a bordo propio de las embarcaciones m\u00e1s grandes y una compartimentaci\u00f3n del espacio sin parang\u00f3n.<br \/>\nLas dos ba\u00f1eras extra\u00edbles dise\u00f1adas para utilizarse como suaglass o papelera, el gran toldo telesc\u00f3pico retr\u00e1ctil y los diez armarios diferentes para organizar el equipamiento de a bordo.<\/p>","protected":false},"excerpt":{"rendered":"<p>Al imaginar el R9, nos fijamos el objetivo de poder fusionar en una sola embarcaci\u00f3n el estilo ic\u00f3nico, el extraordinario confort a bordo propio de las embarcaciones m\u00e1s grandes y una compartimentaci\u00f3n del espacio sin parang\u00f3n.<\/p>","protected":false},"featured_media":65288,"template":"","meta":{"_acf_changed":false},"product_cat":[237],"product_tag":[],"class_list":{"0":"post-69272","1":"product","2":"type-product","3":"status-publish","4":"has-post-thumbnail","6":"product_cat-senza-categoria","8":"first","9":"instock","10":"shipping-taxable","11":"purchasable","12":"product-type-simple"},"acf":[],"_links":{"self":[{"href":"https:\/\/configuratore.cantierirenier.com\/es\/wp-json\/wp\/v2\/product\/69272"}],"collection":[{"href":"https:\/\/configuratore.cantierirenier.com\/es\/wp-json\/wp\/v2\/product"}],"about":[{"href":"https:\/\/configuratore.cantierirenier.com\/es\/wp-json\/wp\/v2\/types\/product"}],"wp:featuredmedia":[{"embeddable":true,"href":"https:\/\/configuratore.cantierirenier.com\/es\/wp-json\/wp\/v2\/media\/65288"}],"wp:attachment":[{"href":"https:\/\/configuratore.cantierirenier.com\/es\/wp-json\/wp\/v2\/media?parent=69272"}],"wp:term":[{"taxonomy":"product_cat","embeddable":true,"href":"https:\/\/configuratore.cantierirenier.com\/es\/wp-json\/wp\/v2\/product_cat?post=69272"},{"taxonomy":"product_tag","embeddable":true,"href":"https:\/\/configuratore.cantierirenier.com\/es\/wp-json\/wp\/v2\/product_tag?post=69272"}],"curies":[{"name":"wp","href":"https:\/\/api.w.org\/{rel}","templated":true}]}}