{"id":61883,"date":"2023-06-06T09:04:56","date_gmt":"2023-06-06T09:04:56","guid":{"rendered":"https:\/\/configuratore.cantierirenier.com\/?post_type=product&#038;p=61883"},"modified":"2023-10-16T11:33:47","modified_gmt":"2023-10-16T11:33:47","slug":"r11-tourer-bowrider","status":"publish","type":"product","link":"https:\/\/configuratore.cantierirenier.com\/es\/producto\/r11-tourer-bowrider\/","title":{"rendered":"MI R11 BOWRIDER TOURER"},"content":{"rendered":"<p>Lorem Ipsum es simplemente el texto ficticio de la industria tipogr\u00e1fica. Lorem Ipsum ha sido el texto ficticio est\u00e1ndar de la industria desde el siglo XVI, cuando un impresor desconocido tom\u00f3 una galera de tipos y desorden\u00f3<\/p>","protected":false},"excerpt":{"rendered":"<p>Lorem Ipsum es simplemente el texto ficticio de la industria tipogr\u00e1fica. Lorem Ipsum ha sido el texto ficticio est\u00e1ndar de la industria desde el siglo XVI, cuando un impresor desconocido tom\u00f3 una galera de tipos y desorden\u00f3<\/p>","protected":false},"featured_media":64188,"template":"","meta":{"_acf_changed":false},"product_cat":[237],"product_tag":[],"class_list":{"0":"post-61883","1":"product","2":"type-product","3":"status-publish","4":"has-post-thumbnail","6":"product_cat-senza-categoria","8":"first","9":"instock","10":"shipping-taxable","11":"purchasable","12":"product-type-simple"},"acf":[],"_links":{"self":[{"href":"https:\/\/configuratore.cantierirenier.com\/es\/wp-json\/wp\/v2\/product\/61883"}],"collection":[{"href":"https:\/\/configuratore.cantierirenier.com\/es\/wp-json\/wp\/v2\/product"}],"about":[{"href":"https:\/\/configuratore.cantierirenier.com\/es\/wp-json\/wp\/v2\/types\/product"}],"wp:featuredmedia":[{"embeddable":true,"href":"https:\/\/configuratore.cantierirenier.com\/es\/wp-json\/wp\/v2\/media\/64188"}],"wp:attachment":[{"href":"https:\/\/configuratore.cantierirenier.com\/es\/wp-json\/wp\/v2\/media?parent=61883"}],"wp:term":[{"taxonomy":"product_cat","embeddable":true,"href":"https:\/\/configuratore.cantierirenier.com\/es\/wp-json\/wp\/v2\/product_cat?post=61883"},{"taxonomy":"product_tag","embeddable":true,"href":"https:\/\/configuratore.cantierirenier.com\/es\/wp-json\/wp\/v2\/product_tag?post=61883"}],"curies":[{"name":"wp","href":"https:\/\/api.w.org\/{rel}","templated":true}]}}