{"id":69272,"date":"2024-09-17T23:33:19","date_gmt":"2024-09-17T21:33:19","guid":{"rendered":"https:\/\/configuratore.cantierirenier.com\/?post_type=product&#038;p=69272"},"modified":"2024-09-19T09:31:36","modified_gmt":"2024-09-19T07:31:36","slug":"r10-efb-2","status":"publish","type":"product","link":"https:\/\/configuratore.cantierirenier.com\/de\/produkt\/r10-efb-2\/","title":{"rendered":"MY R10 EFB"},"content":{"rendered":"<p>Bei der Konzeption der R9 haben wir uns zum Ziel gesetzt, den ikonischen Stil, den f\u00fcr gr\u00f6\u00dfere Schiffe typischen au\u00dfergew\u00f6hnlichen Komfort an Bord und eine beispiellose Raumaufteilung in einem einzigen Schiff zu vereinen.<br \/>\nDie beiden ausziehbaren Wannen, die als Sonnenschirm oder Papierkorb genutzt werden k\u00f6nnen, die gro\u00dfe, ausfahrbare Teleskopmarkise und die zehn verschiedenen Staur\u00e4ume f\u00fcr die Bordausr\u00fcstung.<\/p>","protected":false},"excerpt":{"rendered":"<p>Bei der Konzeption der R9 haben wir uns zum Ziel gesetzt, den ikonischen Stil, den f\u00fcr gr\u00f6\u00dfere Schiffe typischen au\u00dfergew\u00f6hnlichen Komfort an Bord und eine beispiellose Raumaufteilung in einem einzigen Schiff zu vereinen.<\/p>","protected":false},"featured_media":65288,"template":"","meta":{"_acf_changed":false},"product_cat":[237],"product_tag":[],"class_list":{"0":"post-69272","1":"product","2":"type-product","3":"status-publish","4":"has-post-thumbnail","6":"product_cat-senza-categoria","8":"first","9":"instock","10":"shipping-taxable","11":"purchasable","12":"product-type-simple"},"acf":[],"_links":{"self":[{"href":"https:\/\/configuratore.cantierirenier.com\/de\/wp-json\/wp\/v2\/product\/69272"}],"collection":[{"href":"https:\/\/configuratore.cantierirenier.com\/de\/wp-json\/wp\/v2\/product"}],"about":[{"href":"https:\/\/configuratore.cantierirenier.com\/de\/wp-json\/wp\/v2\/types\/product"}],"wp:featuredmedia":[{"embeddable":true,"href":"https:\/\/configuratore.cantierirenier.com\/de\/wp-json\/wp\/v2\/media\/65288"}],"wp:attachment":[{"href":"https:\/\/configuratore.cantierirenier.com\/de\/wp-json\/wp\/v2\/media?parent=69272"}],"wp:term":[{"taxonomy":"product_cat","embeddable":true,"href":"https:\/\/configuratore.cantierirenier.com\/de\/wp-json\/wp\/v2\/product_cat?post=69272"},{"taxonomy":"product_tag","embeddable":true,"href":"https:\/\/configuratore.cantierirenier.com\/de\/wp-json\/wp\/v2\/product_tag?post=69272"}],"curies":[{"name":"wp","href":"https:\/\/api.w.org\/{rel}","templated":true}]}}